{"id":456,"date":"2016-11-30T14:23:05","date_gmt":"2016-11-30T13:23:05","guid":{"rendered":"http:\/\/www.fapi.info\/?page_id=456"},"modified":"2016-11-30T21:53:52","modified_gmt":"2016-11-30T20:53:52","slug":"corsi","status":"publish","type":"page","link":"https:\/\/www.fapi.info\/?page_id=456","title":{"rendered":"CORSI"},"content":{"rendered":"<p><strong>CORSI PER ALIMENTARISTI<\/strong><\/p>\n<p style=\"text-align: justify;\">L&#8217;obbligo del libretto d\u2019idoneit\u00e0 sanitaria per gli alimentaristi \u00e8 stato sostituito dalla attuale nuova normativa nazionale e comunitaria, entrata in vigore a seguito dell\u2019emanazione dei Regolamenti CE del \u201cPacchetto Igiene\u201d che, nell\u2019ambito della sicurezza alimentare, attribuisce al datore di lavoro l&#8217;obbligo e l&#8217;onere della formazione\/addestramento e aggiornamento del personale alimentarista, secondo i criteri stabiliti dalle norme stesse.<\/p>\n<p style=\"text-align: justify;\">Le Regioni, pertanto, hanno recepito tale normativa con l\u2019emanazione di direttive specifiche in merito, non uniformi sul territorio nazionale, ma che hanno comunque come comune denominatore l\u2019obbligo per gli addetti alla preparazione, produzione, manipolazione, somministrazione e vendita di sostanze alimentari, di produrre periodicamente agli organi di controllo (ogni due anni) un attestato che comprovi la loro partecipazione a un corso specifico di formazione variabile in ore, a seconda della normativa regionale.<\/p>\n<p style=\"text-align: justify;\">La FAPIsi \u00e8 attivata su tutto il territorio nazionale per erogare questo servizio ai propri associati attraverso la piattaforma&#8221;e-learning&#8221;inserendo, tra gli corsi altri corsi on line, anche quelli per la formazione degli alimentaristi diversificandoli a seconda delle normative regionali e dei criteri adottati da ogni singola Regione. Riportiamo qui di seguito i criteri e le ore di durata dei corsi secondo le vigenti normative Regionali<\/p>\n<p style=\"text-align: justify;\"><strong>CORSI PROFESSIONALI ABILITANTI PER AGENTI IMMOBILIARI<\/strong><\/p>\n<p style=\"text-align: justify;\">Devono essere frequentati da coloro che intendano esercitare la professione di Agenti e Rappresentanti di Commercio o di Agenti Immobiliari.<\/p>\n<div style=\"text-align: justify;\">I corsi hanno la durata di 80 ore ripartite nell\u2019arco di due mesi e si concludono con un esame colloquio finale, superato il quale, l\u2019Assessorato Regionale al Commercio provvede a rilasciare l\u2019attestato abilitante necessario per poter partecipare all\u2019esame finale presso la Camera di Commercio ai fini dell\u2019iscrizione nella relativa sezione.<\/div>\n<div><\/div>\n<div>\n<p><strong>CORSI PROFESSIONALI ABILITANTI PER AGENTI E RAPPRESENTANTI DI COMMERCIO<\/strong><\/p>\n<p style=\"text-align: justify;\">Devono essere frequentati da coloro che intendano esercitare la professione di Agenti e Rappresentanti di Commercio.<br \/>\nI corsi hanno la durata di 80 ore ripartite nell\u2019arco di due mesi e si concludono con un esame colloquio finale, superato il quale, l\u2019Assessorato Regionale al Commercio provvede a rilasciare l\u2019attestato abilitante necessario per l\u2019iscrizione nel Ruolo.<\/p>\n<\/div>\n<div style=\"text-align: justify;\"><\/div>\n<p><strong>CORSI PROFESSIONALI ABILITANTI PER L\u2019ESERCIZIO DEL COMMERCIO NEL SETTORE ALIMENTARE E PER LA SOMMINISTRAZIONE DI ALIMENTI E BEVANDE<\/strong><\/p>\n<p style=\"text-align: left;\">Devono essere frequentati da coloro che intendano acquisire il requisito professionale previsto dalle vigenti disposizioni di legge per poter svolgere un\u2019attivit\u00e0 commerciale per la vendita, al dettaglio o all\u2019ingrosso, di generi alimentari, o per la somministrazione di alimenti e bevande.<br \/>\nI corsi hanno la durata di 100 ore ripartite nell\u2019arco di due mesi e si concludono con un esame colloquio finale, superato il quale, l\u2019Assessorato Regionale al Commercio provvede a rilasciare l\u2019attestato abilitante che serve per esercitare l\u2019attivit\u00e0.<\/p>\n<p><strong>CORSO DI FORMAZIONE PER ALIMENTARISTI<\/strong><br \/>\n<strong>CORSO PER ALIMENTARISTI REGIONE SICILIA<\/strong><\/p>\n<p>Ambito normativo di riferimento.<\/p>\n<p>Nella regione Scilia, la FAPI organizza corsi di formazione per alimentaristi secondo quanto previsto dalle vigenti LINEE GUIDA PER L&#8217;ATTUAZIONE DELL&#8217;ART. 12, COMMA 2, DELLA LEGGE REGIONALE 19 MAGGIO 2005, N. 5 &#8220;ABOLIZIONE LIBRETTO SANITARIO&#8221; in ossequio alle indicazioni fornite dall\u2019Assessorato Regionale della Salute (gi\u00e0 Ass.to Reg.le della Sanit\u00e0).<\/p>\n<p style=\"text-align: center;\"><strong>Tipologie di interventi formativi<\/strong><\/p>\n<p style=\"text-align: justify;\">Secondo quanto stabilito dalle Linee Guida per l&#8217;attuazione dell&#8217;art. 12, comma 2, della Legge Regionale (Sicilia) 19 maggio 2005, n. 5 &#8220;Abolizione Libretto Sanitario&#8221; vi sono tre tipologie di corsi:<br \/>\nCorso Alimentaristi \u2013 CAT. A , durata 12 ore, destinato a tutti gli operatori che espletano attivit\u00e0 di cui alla categoria A (rischio alto) e che richiedono per la prima volta l&#8217;attestato di formazione.<\/p>\n<p style=\"text-align: justify;\">Corso Alimentaristi \u2013 CAT. B, durata 8 ore, destinato a tutti gli operatori che espletano attivit\u00e0 di cui alla categoria B (rischio medio) e che richiedono per la prima volta l&#8217;attestato di formazione.<\/p>\n<p style=\"text-align: justify;\">Corso Alimentaristi \u2013 Richiamo, durata 6 ore, destinato a tutti gli operatori che espletano attivit\u00e0 di cui alle categorie A e B (rischio medio-alto) e che sono gi\u00e0 in possesso di un idoneo attestato di formazione scaduto o di prossima scadenza.<\/p>\n<p style=\"text-align: justify;\"><strong>Corso per Alimentaristi Cat. A (12 ore)<\/strong><\/p>\n<p style=\"text-align: justify;\">Destinatari<br \/>\nTutti gli operatori che lavorano in attivit\u00e0 classificabili nella categoria A &#8211; rischio elevato e che pertanto comportano manipolazione di alimenti deteriorabili, nelle fasi di produzione, preparazione, cottura e confezionamento.<br \/>\nNello specifico:<br \/>\n. responsabili dell&#8217;industria alimentare e\/o della qualit\u00e0 all&#8217;interno di un&#8217;azienda, nonch\u00e9 personale con responsabilit\u00e0 di sorveglianza, gestione di settore del processo;<br \/>\n. pasticceri;<br \/>\n. addetti all&#8217;industria conserviera;<br \/>\n. personale operante all&#8217;interno delle cucine per mense, ristoranti, pizzerie e similari;<br \/>\n. produttori di gelato artigianale;<br \/>\n. addetti alle rosticcerie, gastronomie, personale addetto alle lavorazioni della pasta fresca, pastifici;<br \/>\n. addetti ai bar, tavola calda;<br \/>\n. addetti presso stabilimenti di lavorazione delle carni e del pesce;<br \/>\n. addetti stabilimenti di prodotti d&#8217;uovo, gastronomici e dolciari;<br \/>\n. addetti lavorazioni prodotti da forno;<br \/>\n. addetti manipolazione prodotti dietetici, per la prima infanzia e destinati ad una alimentazione particolare;<br \/>\n. addetti ai caseifici;<br \/>\n. allievi di scuola alberghiera addetti a lavorazioni non contemplate nell&#8217;elenco di cui sopra, che presentano, comunque, un rischio microbiologico significativo;<br \/>\n. addetti alla vendita presso esercizi commerciali (supermercati, salumerie, macellerie, pescherie, ecc.).<\/p>\n<p style=\"text-align: justify;\"><strong>Programma didattico<\/strong><br \/>\n. accenni sulle principali norme in materia di alimenti;<br \/>\n. tracciabilit\u00e0 e rintracciabilit\u00e0 degli alimenti;<br \/>\n. analisi del rischio: il rischio alimentare, le propriet\u00e0 dei microrganismi, meccanismi di contaminazione biologica degli alimenti, microrganismi patogeni;<br \/>\n. comportamenti del personale: igiene della persona, procedure specifiche;<br \/>\n. igiene del processo: diagrammi di flusso (ricevimento, stoccaggio, preparazione, cottura, conservazione a freddo e a caldo, riscaldamento, raffreddamento, ecc.);<br \/>\n. igiene ambientale: monitoraggio e lotta agli infestanti, smaltimento rifiuti, sanificazione, ecc.;<br \/>\n. procedure di autocontrollo: nomina del responsabile, analisi dei rischi e individuazione dei punti critici di controllo, analisi specifica delle problematiche proprie delle varie aziende alimentari, analisi delle strutture edilizie ed attrezzature;<br \/>\n. procedure di gestione del sistema: mediante la procedura di verifica delle non conformit\u00e0, delle emergenze, nonch\u00e9 la procedura di revisione del sistema stesso.<\/p>\n<p style=\"text-align: justify;\"><strong>Corso per Alimentaristi Cat. B (8 ore)<\/strong><\/p>\n<p style=\"text-align: justify;\">Destinatari<br \/>\nTutti gli operatori che lavorano in attivit\u00e0 classificabili nella categoria a B &#8211; rischio medio e che pertanto comportano manipolazione di alimenti confezionati o sfusi non deteriorabili o alla relativa sola somministrazione e vendita.<br \/>\nNello specifico:<br \/>\n. personale addetto alla sola somministrazione nelle mense;<br \/>\n. camerieri (personale di sala presso attivit\u00e0 di ristorazione);<br \/>\n. personale addetto alla vendita dei prodotti ortofrutticoli ed al trasporto degli alimenti sfusi che necessitano di controllo della temperatura (ex art. 44, D.P.R. n. 327\/80).<\/p>\n<p style=\"text-align: justify;\">Programma didattico<br \/>\n. accenni alle specifiche norme di settore;<br \/>\n. igiene personale;<br \/>\n. igiene delle strutture e delle attrezzature;<br \/>\n. buone prassi di lavorazione relativamente alle specifiche mansioni.<\/p>\n<p style=\"text-align: justify;\"><strong>Corso per Alimentaristi (richiamo) &#8211; 6 ore<\/strong><\/p>\n<p style=\"text-align: justify;\">Destinatari<br \/>\nIl corso \u00e8 rivolto agli operatori che espletano attivit\u00e0 di cui alle categorie A e B (rischio medio-alto) e che sono gi\u00e0 in possesso di un idoneo attestato di formazione per alimentaristi scaduto o di prossima scadenza.<\/p>\n<p style=\"text-align: justify;\">Programma didattico<br \/>\n. microrganismi patogeni e condizioni che favoriscono o inibiscono la relativa crescita (attivit\u00e0 dell&#8217;acqua, ph, temperatura, ecc);<br \/>\n. la corretta conservazione degli alimenti e i trattamenti di abbattimento microbico;<br \/>\n. la prevenzione delle tossinfezioni alimentari;<br \/>\n. l&#8217;implementazione dei piani HACCP;<br \/>\n. esercitazioni pratiche e simulazioni.<\/p>\n<p style=\"text-align: justify;\">Lo svolgimento dei corsi di Formazione \u00e8 previsto sia in aula che a distanza (FAD) attraverso la piattaforma e-learning della FAPI.<\/p>\n","protected":false},"excerpt":{"rendered":"<p>CORSI PER ALIMENTARISTI L&#8217;obbligo del libretto d\u2019idoneit\u00e0 sanitaria per gli alimentaristi \u00e8 stato sostituito dalla attuale nuova normativa nazionale e [&hellip;]<\/p>\n","protected":false},"author":1,"featured_media":0,"parent":0,"menu_order":0,"comment_status":"closed","ping_status":"closed","template":"","meta":{"_exactmetrics_skip_tracking":false,"_exactmetrics_sitenote_active":false,"_exactmetrics_sitenote_note":"","_exactmetrics_sitenote_category":0,"footnotes":""},"class_list":["post-456","page","type-page","status-publish","hentry"],"_links":{"self":[{"href":"https:\/\/www.fapi.info\/index.php?rest_route=\/wp\/v2\/pages\/456","targetHints":{"allow":["GET"]}}],"collection":[{"href":"https:\/\/www.fapi.info\/index.php?rest_route=\/wp\/v2\/pages"}],"about":[{"href":"https:\/\/www.fapi.info\/index.php?rest_route=\/wp\/v2\/types\/page"}],"author":[{"embeddable":true,"href":"https:\/\/www.fapi.info\/index.php?rest_route=\/wp\/v2\/users\/1"}],"replies":[{"embeddable":true,"href":"https:\/\/www.fapi.info\/index.php?rest_route=%2Fwp%2Fv2%2Fcomments&post=456"}],"version-history":[{"count":4,"href":"https:\/\/www.fapi.info\/index.php?rest_route=\/wp\/v2\/pages\/456\/revisions"}],"predecessor-version":[{"id":606,"href":"https:\/\/www.fapi.info\/index.php?rest_route=\/wp\/v2\/pages\/456\/revisions\/606"}],"wp:attachment":[{"href":"https:\/\/www.fapi.info\/index.php?rest_route=%2Fwp%2Fv2%2Fmedia&parent=456"}],"curies":[{"name":"wp","href":"https:\/\/api.w.org\/{rel}","templated":true}]}}