{"id":602,"date":"2016-11-30T20:12:10","date_gmt":"2016-11-30T19:12:10","guid":{"rendered":"http:\/\/www.fapi.info\/?page_id=602"},"modified":"2016-11-30T20:12:10","modified_gmt":"2016-11-30T19:12:10","slug":"sicilia","status":"publish","type":"page","link":"https:\/\/www.fapi.info\/?page_id=602","title":{"rendered":"SICILIA"},"content":{"rendered":"<p><strong>CORSO PER ALIMENTARISTI REGIONE SICILIA<\/strong><\/p>\n<p><strong>A<\/strong>mbito normativo di riferimento.<\/p>\n<p>Nella regione Scilia, la FAPI organizza corsi di formazione per alimentaristi secondo quanto previsto dalle vigenti LINEE GUIDA PER L&#8217;ATTUAZIONE DELL&#8217;ART. 12, COMMA 2, DELLA LEGGE REGIONALE 19 MAGGIO 2005, N. 5 &#8220;ABOLIZIONE LIBRETTO SANITARIO&#8221; in ossequio alle indicazioni fornite dall\u2019Assessorato Regionale della Salute (gi\u00e0 Ass.to Reg.le della Sanit\u00e0).<\/p>\n<p><strong>T<\/strong>ipologie di interventi formativi<\/p>\n<p>Secondo quanto stabilito dalle Linee Guida per l&#8217;attuazione dell&#8217;art. 12, comma 2, della Legge Regionale (Sicilia) 19 maggio 2005, n. 5 &#8220;Abolizione Libretto Sanitario&#8221; vi sono tre tipologie di corsi:<br \/>\n<strong>Corso Alimentaristi \u2013 CAT. A<\/strong> , durata 12 ore, destinato a tutti gli operatori che espletano attivit\u00e0 di cui alla categoria A (rischio alto) e che richiedono per la prima volta l&#8217;attestato di formazione.<\/p>\n<p><strong>Corso Alimentaristi \u2013 CAT. B<\/strong>, durata 8 ore, destinato a tutti gli operatori che espletano attivit\u00e0 di cui alla categoria B (rischio medio) e che richiedono per la prima volta l&#8217;attestato di formazione.<\/p>\n<p><strong>Corso Alimentaristi \u2013 Richiamo<\/strong>, durata 6 ore, destinato a tutti gli operatori che espletano attivit\u00e0 di cui alle categorie A e B (rischio medio-alto) e che sono gi\u00e0 in possesso di un idoneo attestato di formazione scaduto o di prossima scadenza.<\/p>\n<p><strong>Corso per Alimentaristi Cat. A (12 ore)<\/strong><\/p>\n<p><strong>D<\/strong>estinatari<br \/>\nTutti gli operatori che lavorano in attivit\u00e0 classificabili nella categoria A &#8211; rischio elevato e che pertanto comportano manipolazione di alimenti deteriorabili, nelle fasi di produzione, preparazione, cottura e confezionamento.<br \/>\nNello specifico:<br \/>\n. responsabili dell&#8217;industria alimentare e\/o della qualit\u00e0 all&#8217;interno di un&#8217;azienda, nonch\u00e9 personale con responsabilit\u00e0 di sorveglianza, gestione di settore del processo;<br \/>\n. pasticceri;<br \/>\n. addetti all&#8217;industria conserviera;<br \/>\n. personale operante all&#8217;interno delle cucine per mense, ristoranti, pizzerie e similari;<br \/>\n. produttori di gelato artigianale;<br \/>\n. addetti alle rosticcerie, gastronomie, personale addetto alle lavorazioni della pasta fresca, pastifici;<br \/>\n. addetti ai bar, tavola calda;<br \/>\n. addetti presso stabilimenti di lavorazione delle carni e del pesce;<br \/>\n. addetti stabilimenti di prodotti d&#8217;uovo, gastronomici e dolciari;<br \/>\n. addetti lavorazioni prodotti da forno;<br \/>\n. addetti manipolazione prodotti dietetici, per la prima infanzia e destinati ad una alimentazione particolare;<br \/>\n. addetti ai caseifici;<br \/>\n. allievi di scuola alberghiera addetti a lavorazioni non contemplate nell&#8217;elenco di cui sopra, che presentano, comunque, un rischio microbiologico significativo;<br \/>\n. addetti alla vendita presso esercizi commerciali (supermercati, salumerie, macellerie, pescherie, ecc.).<\/p>\n<p><strong>P<\/strong>rogramma didattico<br \/>\n. accenni sulle principali norme in materia di alimenti;<br \/>\n. tracciabilit\u00e0 e rintracciabilit\u00e0 degli alimenti;<br \/>\n. analisi del rischio: il rischio alimentare, le propriet\u00e0 dei microrganismi, meccanismi di contaminazione biologica degli alimenti, microrganismi patogeni;<br \/>\n. comportamenti del personale: igiene della persona, procedure specifiche;<br \/>\n. igiene del processo: diagrammi di flusso (ricevimento, stoccaggio, preparazione, cottura, conservazione a freddo e a caldo, riscaldamento, raffreddamento, ecc.);<br \/>\n. igiene ambientale: monitoraggio e lotta agli infestanti, smaltimento rifiuti, sanificazione, ecc.;<br \/>\n. procedure di autocontrollo: nomina del responsabile, analisi dei rischi e individuazione dei punti critici di controllo, analisi specifica delle problematiche proprie delle varie aziende alimentari, analisi delle strutture edilizie ed attrezzature;<br \/>\n. procedure di gestione del sistema: mediante la procedura di verifica delle non conformit\u00e0, delle emergenze, nonch\u00e9 la procedura di revisione del sistema stesso.<br \/>\n<strong>Corso per Alimentaristi Cat. B (8 ore)<\/strong><\/p>\n<p><strong>D<\/strong>estinatari<br \/>\nTutti gli operatori che lavorano in attivit\u00e0 classificabili nella categoria a B &#8211; rischio medio e che pertanto comportano manipolazione di alimenti confezionati o sfusi non deteriorabili o alla relativa sola somministrazione e vendita.<br \/>\nNello specifico:<br \/>\n. personale addetto alla sola somministrazione nelle mense;<br \/>\n. camerieri (personale di sala presso attivit\u00e0 di ristorazione);<br \/>\n. personale addetto alla vendita dei prodotti ortofrutticoli ed al trasporto degli alimenti sfusi che necessitano di controllo della temperatura (ex art. 44, D.P.R. n. 327\/80).<\/p>\n<p><strong>P<\/strong>rogramma didattico<br \/>\n. accenni alle specifiche norme di settore;<br \/>\n. igiene personale;<br \/>\n. igiene delle strutture e delle attrezzature;<br \/>\n. buone prassi di lavorazione relativamente alle specifiche mansioni.<br \/>\n<strong>Corso per Alimentaristi (richiamo) &#8211; 6 ore<\/strong><\/p>\n<p><strong>D<\/strong>estinatari<br \/>\nIl corso \u00e8 rivolto agli operatori che espletano attivit\u00e0 di cui alle categorie A e B (rischio medio-alto) e che sono gi\u00e0 in possesso di un idoneo attestato di formazione per alimentaristi scaduto o di prossima scadenza.<\/p>\n<p><strong>P<\/strong>rogramma didattico<br \/>\n. microrganismi patogeni e condizioni che favoriscono o inibiscono la relativa crescita (attivit\u00e0 dell&#8217;acqua, ph, temperatura, ecc);<br \/>\n. la corretta conservazione degli alimenti e i trattamenti di abbattimento microbico;<br \/>\n. la prevenzione delle tossinfezioni alimentari;<br \/>\n. l&#8217;implementazione dei piani HACCP;<br \/>\n. esercitazioni pratiche e simulazioni.<\/p>\n<p><strong>Lo<\/strong> <strong>svogimento dei corsi di Formazione \u00e8 previsto sia in aula che a distanza (FAD) attraverso la piattaforma<a href=\"http:\/\/www.fapi.info\/index.php?option=com_k2&amp;view=item&amp;layout=item&amp;id=1520&amp;Itemid=209\"> e-learning <\/a>della FAPI.<\/strong><\/p>\n","protected":false},"excerpt":{"rendered":"<p>CORSO PER ALIMENTARISTI REGIONE SICILIA Ambito normativo di riferimento. Nella regione Scilia, la FAPI organizza corsi di formazione per alimentaristi [&hellip;]<\/p>\n","protected":false},"author":1,"featured_media":0,"parent":0,"menu_order":0,"comment_status":"closed","ping_status":"closed","template":"","meta":{"_exactmetrics_skip_tracking":false,"_exactmetrics_sitenote_active":false,"_exactmetrics_sitenote_note":"","_exactmetrics_sitenote_category":0},"_links":{"self":[{"href":"https:\/\/www.fapi.info\/index.php?rest_route=\/wp\/v2\/pages\/602"}],"collection":[{"href":"https:\/\/www.fapi.info\/index.php?rest_route=\/wp\/v2\/pages"}],"about":[{"href":"https:\/\/www.fapi.info\/index.php?rest_route=\/wp\/v2\/types\/page"}],"author":[{"embeddable":true,"href":"https:\/\/www.fapi.info\/index.php?rest_route=\/wp\/v2\/users\/1"}],"replies":[{"embeddable":true,"href":"https:\/\/www.fapi.info\/index.php?rest_route=%2Fwp%2Fv2%2Fcomments&post=602"}],"version-history":[{"count":1,"href":"https:\/\/www.fapi.info\/index.php?rest_route=\/wp\/v2\/pages\/602\/revisions"}],"predecessor-version":[{"id":603,"href":"https:\/\/www.fapi.info\/index.php?rest_route=\/wp\/v2\/pages\/602\/revisions\/603"}],"wp:attachment":[{"href":"https:\/\/www.fapi.info\/index.php?rest_route=%2Fwp%2Fv2%2Fmedia&parent=602"}],"curies":[{"name":"wp","href":"https:\/\/api.w.org\/{rel}","templated":true}]}}